{"id":9100,"date":"2022-07-19T00:48:00","date_gmt":"2022-07-18T22:48:00","guid":{"rendered":"https:\/\/www.rf-fassaden.de\/impressum\/"},"modified":"2024-07-24T11:54:04","modified_gmt":"2024-07-24T09:54:04","slug":"imprint","status":"publish","type":"page","link":"https:\/\/www.rf-fassaden.de\/en\/imprint\/","title":{"rendered":"Imprint"},"content":{"rendered":"\n<div class=\"wp-block-columns is-layout-flex wp-container-core-columns-is-layout-9d6595d7 wp-block-columns-is-layout-flex\">\n<div class=\"wp-block-column is-layout-flow wp-block-column-is-layout-flow\"><div class=\"mtop-170\"><\/div>\n<div class=\"textblock\">\n    <div class=\"container\">\n        <div class=\"row\">\n                                <div class=\"col-md-12\">\n                        <p><strong>The website <a href=\"https:\/\/www.rf-fassaden.de\/en\/\" target=\"_blank\" rel=\"noopener\"><u>www.rf-fassaden.de<\/u><\/a>\u00a0is a joint online presence of the facade construction companies Radeburger Fensterbau GmbH, Schneider Steel Construction GmbH and Rapid GmbH &#8211; Calau, which are part of the Schneider Group, managed by Schneider Holding GmbH in Stimpfach.<\/strong><\/p>\n                    <\/div>\n                                    <div class=\"col-md-12\">\n                        <h4><strong>Information pursuant to Sect. 5 German Telemedia Act (TMG):<\/strong><\/h4>\n                    <\/div>\n                                    <div class=\"col-md-4\">\n                        <p><strong>Radeburger Fensterbau GmbH<br \/>\n<\/strong><\/p>\n<p><strong><br \/>\n<\/strong>Weinb\u00f6hlaer Stra\u00dfe 5<br \/>\n01471 Radeburg OT B\u00e4rwalde<br \/>\nGermany<\/p>\n<p>Commercial register: HRB 1286<br \/>\nRegistration court: Amtsgericht Dresden<\/p>\n<p><strong>Represented by:<\/strong><br \/>\nIngrid Kn\u00f6rzer, Maik Pinkert<\/p>\n<p>&nbsp;<\/p>\n<h4><strong>Contact:<\/strong><\/h4>\n<p>Phone: +49 (0) 35208 84 -30<br \/>\nFax: +49 (0) 35208 84 -360<br \/>\nE-mail: &#x69;&#x6e;&#x66;&#111;&#64;&#114;f-&#x66;&#x61;&#x73;&#x73;&#97;&#100;en&#x2e;&#x64;&#x65;<\/p>\n<p>&nbsp;<\/p>\n<h4><strong>VAT-ID:<\/strong><\/h4>\n<p>Sales tax identification number according to Sect. 27 a of the Sales Tax Law: DE140210497<\/p>\n                    <\/div>\n                                    <div class=\"col-md-4\">\n                        <p><strong>Rapid GmbH<br \/>\n<\/strong>\u2013 Maschinenbau und Automatisierung<\/p>\n<p>Gewerbepark Nord Nr. 7<br \/>\n03205 Calau<br \/>\nGermany<\/p>\n<p>Commercial register: HRB 5973 CB<br \/>\nRegistration court: Amtsgericht Cottbus<\/p>\n<p><strong>Represented by:<\/strong><br \/>\nIngrid Kn\u00f6rzer, Maik Thomas<\/p>\n<p>&nbsp;<\/p>\n<h4><strong>Contact:<\/strong><\/h4>\n<p>Phone: +49 (0) 3541 8714-0<br \/>\nFax: +49 (0) 3541 8714-15<br \/>\nE-mail: &#105;&#110;&#x66;o&#64;&#x72;&#x61;p&#105;&#x64;&#x2d;c&#97;&#x6c;a&#117;&#x2e;&#x64;e<\/p>\n<p>&nbsp;<\/p>\n<h4><strong>VAT-ID:<\/strong><\/h4>\n<p>Sales tax identification number according to Sect. 27 a of the Sales Tax Law: DE206084258<\/p>\n                    <\/div>\n                                    <div class=\"col-md-4\">\n                        <p><strong>Schneider Steel Construction GmbH<br \/>\n<\/strong><br \/>\n<strong><br \/>\n<\/strong>Riesstra\u00dfe 1<br \/>\n01471 Radeburg<br \/>\nGermany<\/p>\n<p>Commercial register: HRB 26416<br \/>\nRegistration court: Amtsgericht Dresden<\/p>\n<p><strong>Represented by:<\/strong><br \/>\nIngrid Kn\u00f6rzer, Dierk Czapka<\/p>\n<p>&nbsp;<\/p>\n<h4><strong>Contact:<\/strong><\/h4>\n<p>Phone +49 (0) 35208 34 21-0<br \/>\nFax: +49 (0) 35208 34 21-510<\/p>\n<p><strong>\u00a0<\/strong><\/p>\n<h4><strong>VAT-ID:<\/strong><\/h4>\n<p>Sales tax identification number according to Sect. 27 a of the Sales Tax Law: DE258777777<\/p>\n                    <\/div>\n                        <\/div>\n    <\/div>\n<\/div>\n\n<div class=\"mtop-170\"><\/div>\n<div class=\"textblock\">\n    <div class=\"container\">\n        <div class=\"row\">\n                                <div class=\"col-md-12\">\n                        <h4><strong>Person responsible for editorial:<\/strong><\/h4>\n<p>Radeburger Fensterbau GmbH<br \/>\nMaik Pinkert<br \/>\nWeinb\u00f6hlaer Stra\u00dfe 5<br \/>\n01471 Radeburg OT B\u00e4rwalde<br \/>\nGermany<\/p>\n                    <\/div>\n                        <\/div>\n    <\/div>\n<\/div>\n\n<div class=\"mtop-170\"><\/div>\n<div class=\"textblock\">\n    <div class=\"container\">\n        <div class=\"row\">\n                                <div class=\"col-md-12\">\n                        <h4><strong>Dispute resolution proceedings in front of a customer arbitration board:<\/strong><\/h4>\n<p>The relevant consumer conciliation body for Radeburger Fensterbau GmbH, Schneider Steel Construction GmbH and Rapid GmbH &#8211; Calau is the Allgemeine Verbraucherschlichtungsstelle des Zentrums f\u00fcr Schlichtung e. V. (General Consumer Conciliation Body of the Centre for Conciliation), Stra\u00dfburger Stra\u00dfe 8, 77694 Kehl am Rhein, telephone: +49 7851 7957940, telefax: +49 7851 7957941, e-mail: m&#97;&#x69;&#x6c;&#x40;v&#101;&#114;&#x62;&#x72;a&#117;&#99;&#x68;&#x65;r-&#115;&#x63;&#x68;&#x6c;i&#99;&#x68;&#x74;&#x65;r&#46;&#100;&#x65;, website: <a href=\"http:\/\/www.verbraucher-schlichter.de\">www.verbraucher-schlichter.de<\/a>. Radeburger Fensterbau GmbH, Schneider Steel Construction GmbH und Rapid GmbH &#8211; Calau do not take part in consumer conciliation proceedings according to the Verbraucherstreitbeilegungsgesetz.<\/p>\n<p>For out-of-court dispute resolutions of contractual disputes about online purchases of goods and services, the European Commission provides an internet platform on <a href=\"http:\/\/ec.europa.eu\/consumers\/odr\">http:\/\/ec.europa.eu\/consumers\/odr<\/a>.<\/p>\n                    <\/div>\n                        <\/div>\n    <\/div>\n<\/div><\/div>\n<\/div>\n\n\n\n<p><\/p>\n","protected":false},"excerpt":{"rendered":"","protected":false},"author":3,"featured_media":0,"parent":0,"menu_order":1000,"comment_status":"closed","ping_status":"closed","template":"","meta":{"inline_featured_image":false,"footnotes":""},"class_list":["post-9100","page","type-page","status-publish","hentry"],"acf":[],"yoast_head":"<!-- This site is optimized with the Yoast SEO plugin v19.12 - https:\/\/yoast.com\/wordpress\/plugins\/seo\/ -->\n<title>Imprint | RF, SSC and RC \u2013 Facade expertise\u00b3<\/title>\n<meta name=\"description\" content=\"Imprint of the joint online presence of the facade companies Radeburger Fensterbau GmbH, Rapid GmbH and Schneider Steel Construction GmbH.\" \/>\n<meta name=\"robots\" content=\"index, follow, max-snippet:-1, max-image-preview:large, max-video-preview:-1\" \/>\n<link rel=\"canonical\" href=\"https:\/\/www.rf-fassaden.de\/en\/imprint\/\" \/>\n<meta property=\"og:locale\" content=\"en_US\" \/>\n<meta property=\"og:type\" content=\"article\" \/>\n<meta property=\"og:title\" content=\"Imprint | RF, SSC and RC \u2013 Facade expertise\u00b3\" \/>\n<meta property=\"og:description\" content=\"Imprint of the joint online presence of the facade companies Radeburger Fensterbau GmbH, Rapid GmbH and Schneider Steel Construction GmbH.\" \/>\n<meta property=\"og:url\" content=\"https:\/\/www.rf-fassaden.de\/en\/imprint\/\" \/>\n<meta property=\"og:site_name\" content=\"RF, RC, SSC\" \/>\n<meta property=\"article:modified_time\" content=\"2024-07-24T09:54:04+00:00\" \/>\n<meta name=\"twitter:card\" content=\"summary_large_image\" \/>\n<script type=\"application\/ld+json\" class=\"yoast-schema-graph\">{\"@context\":\"https:\/\/schema.org\",\"@graph\":[{\"@type\":\"WebPage\",\"@id\":\"https:\/\/www.rf-fassaden.de\/en\/imprint\/\",\"url\":\"https:\/\/www.rf-fassaden.de\/en\/imprint\/\",\"name\":\"Imprint | RF, SSC and RC \u2013 Facade expertise\u00b3\",\"isPartOf\":{\"@id\":\"https:\/\/www.rf-fassaden.de\/en\/#website\"},\"datePublished\":\"2022-07-18T22:48:00+00:00\",\"dateModified\":\"2024-07-24T09:54:04+00:00\",\"description\":\"Imprint of the joint online presence of the facade companies Radeburger Fensterbau GmbH, Rapid GmbH and Schneider Steel Construction GmbH.\",\"breadcrumb\":{\"@id\":\"https:\/\/www.rf-fassaden.de\/en\/imprint\/#breadcrumb\"},\"inLanguage\":\"en-US\",\"potentialAction\":[{\"@type\":\"ReadAction\",\"target\":[\"https:\/\/www.rf-fassaden.de\/en\/imprint\/\"]}]},{\"@type\":\"BreadcrumbList\",\"@id\":\"https:\/\/www.rf-fassaden.de\/en\/imprint\/#breadcrumb\",\"itemListElement\":[{\"@type\":\"ListItem\",\"position\":1,\"name\":\"Startseite\",\"item\":\"https:\/\/www.rf-fassaden.de\/en\/\"},{\"@type\":\"ListItem\",\"position\":2,\"name\":\"Imprint\"}]},{\"@type\":\"WebSite\",\"@id\":\"https:\/\/www.rf-fassaden.de\/en\/#website\",\"url\":\"https:\/\/www.rf-fassaden.de\/en\/\",\"name\":\"RF, RC, SSC\",\"description\":\"Facade expertise\u00b3 from Saxony and Brandenburg, Germany\",\"publisher\":{\"@id\":\"https:\/\/www.rf-fassaden.de\/en\/#organization\"},\"potentialAction\":[{\"@type\":\"SearchAction\",\"target\":{\"@type\":\"EntryPoint\",\"urlTemplate\":\"https:\/\/www.rf-fassaden.de\/en\/?s={search_term_string}\"},\"query-input\":\"required name=search_term_string\"}],\"inLanguage\":\"en-US\"},{\"@type\":\"Organization\",\"@id\":\"https:\/\/www.rf-fassaden.de\/en\/#organization\",\"name\":\"RF, RC, SSC\",\"url\":\"https:\/\/www.rf-fassaden.de\/en\/\",\"logo\":{\"@type\":\"ImageObject\",\"inLanguage\":\"en-US\",\"@id\":\"https:\/\/www.rf-fassaden.de\/en\/#\/schema\/logo\/image\/\",\"url\":\"https:\/\/www.rf-fassaden.de\/wp-content\/uploads\/2022\/09\/RF_Logo_ALLE_RGB_RF_Logo_GRUeN.svg\",\"contentUrl\":\"https:\/\/www.rf-fassaden.de\/wp-content\/uploads\/2022\/09\/RF_Logo_ALLE_RGB_RF_Logo_GRUeN.svg\",\"width\":\"1024\",\"height\":\"1024\",\"caption\":\"RF, RC, SSC\"},\"image\":{\"@id\":\"https:\/\/www.rf-fassaden.de\/en\/#\/schema\/logo\/image\/\"}}]}<\/script>\n<!-- \/ Yoast SEO plugin. -->","yoast_head_json":{"title":"Imprint | RF, SSC and RC \u2013 Facade expertise\u00b3","description":"Imprint of the joint online presence of the facade companies Radeburger Fensterbau GmbH, Rapid GmbH and Schneider Steel Construction GmbH.","robots":{"index":"index","follow":"follow","max-snippet":"max-snippet:-1","max-image-preview":"max-image-preview:large","max-video-preview":"max-video-preview:-1"},"canonical":"https:\/\/www.rf-fassaden.de\/en\/imprint\/","og_locale":"en_US","og_type":"article","og_title":"Imprint | RF, SSC and RC \u2013 Facade expertise\u00b3","og_description":"Imprint of the joint online presence of the facade companies Radeburger Fensterbau GmbH, Rapid GmbH and Schneider Steel Construction GmbH.","og_url":"https:\/\/www.rf-fassaden.de\/en\/imprint\/","og_site_name":"RF, RC, SSC","article_modified_time":"2024-07-24T09:54:04+00:00","twitter_card":"summary_large_image","schema":{"@context":"https:\/\/schema.org","@graph":[{"@type":"WebPage","@id":"https:\/\/www.rf-fassaden.de\/en\/imprint\/","url":"https:\/\/www.rf-fassaden.de\/en\/imprint\/","name":"Imprint | RF, SSC and RC \u2013 Facade expertise\u00b3","isPartOf":{"@id":"https:\/\/www.rf-fassaden.de\/en\/#website"},"datePublished":"2022-07-18T22:48:00+00:00","dateModified":"2024-07-24T09:54:04+00:00","description":"Imprint of the joint online presence of the facade companies Radeburger Fensterbau GmbH, Rapid GmbH and Schneider Steel Construction GmbH.","breadcrumb":{"@id":"https:\/\/www.rf-fassaden.de\/en\/imprint\/#breadcrumb"},"inLanguage":"en-US","potentialAction":[{"@type":"ReadAction","target":["https:\/\/www.rf-fassaden.de\/en\/imprint\/"]}]},{"@type":"BreadcrumbList","@id":"https:\/\/www.rf-fassaden.de\/en\/imprint\/#breadcrumb","itemListElement":[{"@type":"ListItem","position":1,"name":"Startseite","item":"https:\/\/www.rf-fassaden.de\/en\/"},{"@type":"ListItem","position":2,"name":"Imprint"}]},{"@type":"WebSite","@id":"https:\/\/www.rf-fassaden.de\/en\/#website","url":"https:\/\/www.rf-fassaden.de\/en\/","name":"RF, RC, SSC","description":"Facade expertise\u00b3 from Saxony and Brandenburg, Germany","publisher":{"@id":"https:\/\/www.rf-fassaden.de\/en\/#organization"},"potentialAction":[{"@type":"SearchAction","target":{"@type":"EntryPoint","urlTemplate":"https:\/\/www.rf-fassaden.de\/en\/?s={search_term_string}"},"query-input":"required name=search_term_string"}],"inLanguage":"en-US"},{"@type":"Organization","@id":"https:\/\/www.rf-fassaden.de\/en\/#organization","name":"RF, RC, SSC","url":"https:\/\/www.rf-fassaden.de\/en\/","logo":{"@type":"ImageObject","inLanguage":"en-US","@id":"https:\/\/www.rf-fassaden.de\/en\/#\/schema\/logo\/image\/","url":"https:\/\/www.rf-fassaden.de\/wp-content\/uploads\/2022\/09\/RF_Logo_ALLE_RGB_RF_Logo_GRUeN.svg","contentUrl":"https:\/\/www.rf-fassaden.de\/wp-content\/uploads\/2022\/09\/RF_Logo_ALLE_RGB_RF_Logo_GRUeN.svg","width":"1024","height":"1024","caption":"RF, RC, SSC"},"image":{"@id":"https:\/\/www.rf-fassaden.de\/en\/#\/schema\/logo\/image\/"}}]}},"_links":{"self":[{"href":"https:\/\/www.rf-fassaden.de\/en\/wp-json\/wp\/v2\/pages\/9100","targetHints":{"allow":["GET"]}}],"collection":[{"href":"https:\/\/www.rf-fassaden.de\/en\/wp-json\/wp\/v2\/pages"}],"about":[{"href":"https:\/\/www.rf-fassaden.de\/en\/wp-json\/wp\/v2\/types\/page"}],"author":[{"embeddable":true,"href":"https:\/\/www.rf-fassaden.de\/en\/wp-json\/wp\/v2\/users\/3"}],"replies":[{"embeddable":true,"href":"https:\/\/www.rf-fassaden.de\/en\/wp-json\/wp\/v2\/comments?post=9100"}],"version-history":[{"count":56,"href":"https:\/\/www.rf-fassaden.de\/en\/wp-json\/wp\/v2\/pages\/9100\/revisions"}],"predecessor-version":[{"id":12614,"href":"https:\/\/www.rf-fassaden.de\/en\/wp-json\/wp\/v2\/pages\/9100\/revisions\/12614"}],"wp:attachment":[{"href":"https:\/\/www.rf-fassaden.de\/en\/wp-json\/wp\/v2\/media?parent=9100"}],"curies":[{"name":"wp","href":"https:\/\/api.w.org\/{rel}","templated":true}]}}